{"id":16,"date":"2025-08-07T10:33:25","date_gmt":"2025-08-07T13:33:25","guid":{"rendered":"https:\/\/vsinfo.com.br\/?page_id=16"},"modified":"2025-12-10T16:17:23","modified_gmt":"2025-12-10T19:17:23","slug":"quem-somos","status":"publish","type":"page","link":"https:\/\/vsinfo.com.br\/index.php\/quem-somos\/","title":{"rendered":"QUEM SOMOS"},"content":{"rendered":"\t\t<div data-elementor-type=\"wp-page\" data-elementor-id=\"16\" class=\"elementor elementor-16\" data-elementor-post-type=\"page\">\n\t\t\t\t<div class=\"elementor-element elementor-element-70fca65 e-flex e-con-boxed e-con e-parent\" data-id=\"70fca65\" data-element_type=\"container\" data-settings=\"{&quot;background_background&quot;:&quot;classic&quot;}\">\n\t\t\t\t\t<div class=\"e-con-inner\">\n\t\t<div class=\"elementor-element elementor-element-365ad71a e-con-full e-flex e-con e-child\" data-id=\"365ad71a\" data-element_type=\"container\">\n\t\t\t\t<div class=\"elementor-element elementor-element-67ae0154 animated-slow elementor-widget elementor-widget-elementskit-heading\" data-id=\"67ae0154\" data-element_type=\"widget\" data-settings=\"{&quot;_animation&quot;:&quot;none&quot;}\" data-widget_type=\"elementskit-heading.default\">\n\t\t\t\t\t<div class=\"ekit-wid-con\" ><div class=\"ekit-heading elementskit-section-title-wraper text_center   ekit_heading_tablet-text_center   ekit_heading_mobile-\"><h1 class=\"ekit-heading--title elementskit-section-title \">Quem Somos <\/h1><\/div><\/div>\t\t\t\t<\/div>\n\t\t\t\t<\/div>\n\t\t\t\t\t<\/div>\n\t\t\t\t<\/div>\n\t\t<div class=\"elementor-element elementor-element-20c66de3 e-flex e-con-boxed e-con e-parent\" data-id=\"20c66de3\" data-element_type=\"container\">\n\t\t\t\t\t<div class=\"e-con-inner\">\n\t\t<div class=\"elementor-element elementor-element-c3a9779 e-con-full e-flex e-con e-child\" data-id=\"c3a9779\" data-element_type=\"container\">\n\t\t<div class=\"elementor-element elementor-element-6254e577 e-con-full animated-slow e-flex elementor-invisible e-con e-child\" data-id=\"6254e577\" data-element_type=\"container\" data-settings=\"{&quot;background_background&quot;:&quot;classic&quot;,&quot;animation&quot;:&quot;fadeInLeft&quot;}\">\n\t\t\t\t<\/div>\n\t\t\t\t<\/div>\n\t\t<div class=\"elementor-element elementor-element-1ea100f e-con-full e-flex e-con e-child\" data-id=\"1ea100f\" data-element_type=\"container\">\n\t\t\t\t<div class=\"elementor-element elementor-element-318bd507 elementor-widget elementor-widget-heading\" data-id=\"318bd507\" data-element_type=\"widget\" data-widget_type=\"heading.default\">\n\t\t\t\t\t<h2 class=\"elementor-heading-title elementor-size-default\">Quem somos<\/h2>\t\t\t\t<\/div>\n\t\t\t\t<div class=\"elementor-element elementor-element-1a4372a5 elementor-widget elementor-widget-elementskit-heading\" data-id=\"1a4372a5\" data-element_type=\"widget\" data-widget_type=\"elementskit-heading.default\">\n\t\t\t\t\t<div class=\"ekit-wid-con\" ><div class=\"ekit-heading elementskit-section-title-wraper text_left   ekit_heading_tablet-text_center   ekit_heading_mobile-\"><h2 class=\"ekit-heading--title elementskit-section-title \">Uma trajet\u00f3ria <span><span>constru\u00edda<\/span><\/span> com tecnologia, proximidade e compromisso com o <span><span>sucesso<\/span><\/span> do varejo.<\/h2><\/div><\/div>\t\t\t\t<\/div>\n\t\t\t\t<div class=\"elementor-element elementor-element-b045ac5 elementor-widget elementor-widget-text-editor\" data-id=\"b045ac5\" data-element_type=\"widget\" data-widget_type=\"text-editor.default\">\n\t\t\t\t\t\t\t\t\t<p>Desde 2000, a VSINFO Sistemas desenvolve solu\u00e7\u00f5es inteligentes e acess\u00edveis para a gest\u00e3o do varejo brasileiro. Com sede pr\u00f3pria em Pelotas (RS), somos uma empresa consolidada, com mais de duas d\u00e9cadas de atua\u00e7\u00e3o no mercado e um portf\u00f3lio de mais de 220 clientes atendidos no Sul do pa\u00eds.<\/p><p>Nosso foco \u00e9 oferecer sistemas que descomplicam o dia a dia, integram setores e entregam resultados reais, com tecnologia confi\u00e1vel, suporte humano e atendimento de verdade. Somos especialistas em automa\u00e7\u00e3o comercial para pequenos e m\u00e9dios varejistas e entendemos como ningu\u00e9m a rotina e os desafios de quem vive o balc\u00e3o.<\/p><p>A VSINFO Sistemas \u00e9 a parceira ideal para quem quer crescer com efici\u00eancia, controle e seguran\u00e7a.<\/p>\t\t\t\t\t\t\t\t<\/div>\n\t\t\t\t<\/div>\n\t\t\t\t\t<\/div>\n\t\t\t\t<\/div>\n\t\t<div class=\"elementor-element elementor-element-6e0c57f2 e-flex e-con-boxed e-con e-parent\" data-id=\"6e0c57f2\" data-element_type=\"container\" data-settings=\"{&quot;background_background&quot;:&quot;classic&quot;}\">\n\t\t\t\t\t<div class=\"e-con-inner\">\n\t\t<div class=\"elementor-element elementor-element-75f6ec48 e-con-full e-flex e-con e-child\" data-id=\"75f6ec48\" data-element_type=\"container\">\n\t\t\t\t<div class=\"elementor-element elementor-element-42c8157 elementor-widget elementor-widget-elementskit-heading\" data-id=\"42c8157\" data-element_type=\"widget\" data-widget_type=\"elementskit-heading.default\">\n\t\t\t\t\t<div class=\"ekit-wid-con\" ><div class=\"ekit-heading elementskit-section-title-wraper text_center   ekit_heading_tablet-   ekit_heading_mobile-text_left\"><h2 class=\"ekit-heading--title elementskit-section-title \">PARTE DE N\u00d3S, PARTE DA NOSSA HIST\u00d3RIA<\/h2><\/div><\/div>\t\t\t\t<\/div>\n\t\t\t\t<\/div>\n\t\t<div class=\"elementor-element elementor-element-d0bbd07 e-con-full e-flex e-con e-child\" data-id=\"d0bbd07\" data-element_type=\"container\">\n\t\t<div class=\"elementor-element elementor-element-7ced4cd7 e-con-full e-flex e-con e-child\" data-id=\"7ced4cd7\" data-element_type=\"container\">\n\t\t<div class=\"elementor-element elementor-element-45d01da1 e-con-full e-flex e-con e-child\" data-id=\"45d01da1\" data-element_type=\"container\" data-settings=\"{&quot;background_background&quot;:&quot;classic&quot;}\">\n\t\t\t\t<div class=\"elementor-element elementor-element-68768c09 elementor-position-top elementor-widget elementor-widget-image-box\" data-id=\"68768c09\" data-element_type=\"widget\" data-widget_type=\"image-box.default\">\n\t\t\t\t\t<div class=\"elementor-image-box-wrapper\"><figure class=\"elementor-image-box-img\"><img decoding=\"async\" width=\"128\" height=\"128\" src=\"https:\/\/vsinfo.com.br\/wp-content\/uploads\/2025\/08\/blue_Security.png\" class=\"attachment-full size-full wp-image-40\" alt=\"\" \/><\/figure><div class=\"elementor-image-box-content\"><h3 class=\"elementor-image-box-title\">PROP\u00d3SITO<\/h3><p class=\"elementor-image-box-description\">Impulsionar o crescimento do varejo, simplificando a gest\u00e3o e potencializando resultados.<\/p><\/div><\/div>\t\t\t\t<\/div>\n\t\t\t\t<\/div>\n\t\t\t\t<\/div>\n\t\t<div class=\"elementor-element elementor-element-123f662f e-con-full e-flex e-con e-child\" data-id=\"123f662f\" data-element_type=\"container\">\n\t\t<div class=\"elementor-element elementor-element-19313a5b e-con-full e-flex e-con e-child\" data-id=\"19313a5b\" data-element_type=\"container\" data-settings=\"{&quot;background_background&quot;:&quot;classic&quot;}\">\n\t\t\t\t<div class=\"elementor-element elementor-element-3c0a0a8f elementor-position-top elementor-widget elementor-widget-image-box\" data-id=\"3c0a0a8f\" data-element_type=\"widget\" data-widget_type=\"image-box.default\">\n\t\t\t\t\t<div class=\"elementor-image-box-wrapper\"><figure class=\"elementor-image-box-img\"><img decoding=\"async\" width=\"128\" height=\"128\" src=\"https:\/\/vsinfo.com.br\/wp-content\/uploads\/2025\/08\/blue_Integrated.png\" class=\"attachment-full size-full wp-image-41\" alt=\"\" \/><\/figure><div class=\"elementor-image-box-content\"><h3 class=\"elementor-image-box-title\">MISS\u00c3O<\/h3><p class=\"elementor-image-box-description\">Desenvolver sistemas de automa\u00e7\u00e3o comercial que tornem a opera\u00e7\u00e3o do varejo mais eficiente, integrada e rent\u00e1vel.<\/p><\/div><\/div>\t\t\t\t<\/div>\n\t\t\t\t<\/div>\n\t\t\t\t<\/div>\n\t\t\t\t<\/div>\n\t\t<div class=\"elementor-element elementor-element-4545733 e-con-full e-flex e-con e-child\" data-id=\"4545733\" data-element_type=\"container\">\n\t\t<div class=\"elementor-element elementor-element-88d556b e-con-full e-flex e-con e-child\" data-id=\"88d556b\" data-element_type=\"container\">\n\t\t<div class=\"elementor-element elementor-element-fc01ca6 e-con-full e-flex e-con e-child\" data-id=\"fc01ca6\" data-element_type=\"container\" data-settings=\"{&quot;background_background&quot;:&quot;classic&quot;}\">\n\t\t\t\t<div class=\"elementor-element elementor-element-ca70f97 elementor-position-top elementor-widget elementor-widget-image-box\" data-id=\"ca70f97\" data-element_type=\"widget\" data-widget_type=\"image-box.default\">\n\t\t\t\t\t<div class=\"elementor-image-box-wrapper\"><figure class=\"elementor-image-box-img\"><img decoding=\"async\" width=\"128\" height=\"128\" src=\"https:\/\/vsinfo.com.br\/wp-content\/uploads\/2025\/08\/blue_Security.png\" class=\"attachment-full size-full wp-image-40\" alt=\"\" \/><\/figure><div class=\"elementor-image-box-content\"><h3 class=\"elementor-image-box-title\">VIS\u00c3O<\/h3><p class=\"elementor-image-box-description\">Ser refer\u00eancia nacional em tecnologia para gest\u00e3o de varejo de pequeno e m\u00e9dio porte, com solu\u00e7\u00f5es que facilitam o dia a dia e fortalecem neg\u00f3cios.<\/p><\/div><\/div>\t\t\t\t<\/div>\n\t\t\t\t<\/div>\n\t\t\t\t<\/div>\n\t\t<div class=\"elementor-element elementor-element-5e8564d e-con-full e-flex e-con e-child\" data-id=\"5e8564d\" data-element_type=\"container\">\n\t\t<div class=\"elementor-element elementor-element-986c581 e-con-full e-flex e-con e-child\" data-id=\"986c581\" data-element_type=\"container\" data-settings=\"{&quot;background_background&quot;:&quot;classic&quot;}\">\n\t\t\t\t<div class=\"elementor-element elementor-element-490f311 elementor-position-top elementor-widget elementor-widget-image-box\" data-id=\"490f311\" data-element_type=\"widget\" data-widget_type=\"image-box.default\">\n\t\t\t\t\t<div class=\"elementor-image-box-wrapper\"><figure class=\"elementor-image-box-img\"><img decoding=\"async\" width=\"128\" height=\"128\" src=\"https:\/\/vsinfo.com.br\/wp-content\/uploads\/2025\/08\/blue_Integrated.png\" class=\"attachment-full size-full wp-image-41\" alt=\"\" \/><\/figure><div class=\"elementor-image-box-content\"><h3 class=\"elementor-image-box-title\">VALORES<\/h3><p class=\"elementor-image-box-description\">Excel\u00eancia: Atendimento com qualidade em cada etapa da jornada do cliente.\n\nSimplicidade: Solu\u00e7\u00f5es acess\u00edveis, diretas e f\u00e1ceis de usar.Inova\u00e7\u00e3o: \n\nMelhoria cont\u00ednua com foco em funcionalidade e resultados reais.\n\nTranspar\u00eancia: Relacionamentos constru\u00eddos com confian\u00e7a e clareza.\n\n<\/p><\/div><\/div>\t\t\t\t<\/div>\n\t\t\t\t<\/div>\n\t\t\t\t<\/div>\n\t\t\t\t<\/div>\n\t\t\t\t\t<\/div>\n\t\t\t\t<\/div>\n\t\t<div class=\"elementor-element elementor-element-53769a4e e-flex e-con-boxed e-con e-parent\" data-id=\"53769a4e\" data-element_type=\"container\" data-settings=\"{&quot;background_background&quot;:&quot;classic&quot;}\">\n\t\t\t\t\t<div class=\"e-con-inner\">\n\t\t<div class=\"elementor-element elementor-element-3d964433 e-con-full e-flex e-con e-child\" data-id=\"3d964433\" data-element_type=\"container\">\n\t\t<div class=\"elementor-element elementor-element-4c9fa094 e-con-full e-flex e-con e-child\" data-id=\"4c9fa094\" data-element_type=\"container\">\n\t\t\t\t<div class=\"elementor-element elementor-element-582ede elementor-widget elementor-widget-heading\" data-id=\"582ede\" data-element_type=\"widget\" data-widget_type=\"heading.default\">\n\t\t\t\t\t<h2 class=\"elementor-heading-title elementor-size-default\">EQUIPE VSINFO SISTEMAS<\/h2>\t\t\t\t<\/div>\n\t\t\t\t<div class=\"elementor-element elementor-element-5ac44479 elementor-widget__width-initial elementor-widget elementor-widget-elementskit-heading\" data-id=\"5ac44479\" data-element_type=\"widget\" data-widget_type=\"elementskit-heading.default\">\n\t\t\t\t\t<div class=\"ekit-wid-con\" ><div class=\"ekit-heading elementskit-section-title-wraper text_left   ekit_heading_tablet-text_center   ekit_heading_mobile-\"><h2 class=\"ekit-heading--title elementskit-section-title \">Conhe\u00e7a o  time  <span><span>VS INFO SISTEMAS<\/span><\/span><\/h2><\/div><\/div>\t\t\t\t<\/div>\n\t\t\t\t<\/div>\n\t\t<div class=\"elementor-element elementor-element-1a996503 e-con-full e-flex e-con e-child\" data-id=\"1a996503\" data-element_type=\"container\">\n\t\t\t\t<\/div>\n\t\t\t\t<\/div>\n\t\t<div class=\"elementor-element elementor-element-23e3da64 e-con-full animated-slow e-flex elementor-invisible e-con e-child\" data-id=\"23e3da64\" data-element_type=\"container\" data-settings=\"{&quot;animation&quot;:&quot;fadeInUp&quot;}\">\n\t\t<div class=\"elementor-element elementor-element-71333171 e-con-full e-flex e-con e-child\" data-id=\"71333171\" data-element_type=\"container\">\n\t\t<div class=\"elementor-element elementor-element-a07f5da e-con-full e-flex e-con e-child\" data-id=\"a07f5da\" data-element_type=\"container\">\n\t\t<div class=\"elementor-element elementor-element-99a80a4 e-con-full e-flex e-con e-child\" data-id=\"99a80a4\" data-element_type=\"container\" data-settings=\"{&quot;background_background&quot;:&quot;classic&quot;}\">\n\t\t\t\t<\/div>\n\t\t<div class=\"elementor-element elementor-element-673f38fe e-con-full e-flex e-con e-child\" data-id=\"673f38fe\" data-element_type=\"container\">\n\t\t\t\t<div class=\"elementor-element elementor-element-6b1107eb elementor-widget elementor-widget-heading\" data-id=\"6b1107eb\" data-element_type=\"widget\" data-widget_type=\"heading.default\">\n\t\t\t\t\t<h2 class=\"elementor-heading-title elementor-size-default\">Alexsandro<\/h2>\t\t\t\t<\/div>\n\t\t\t\t<div class=\"elementor-element elementor-element-c34126b elementor-widget elementor-widget-heading\" data-id=\"c34126b\" data-element_type=\"widget\" data-widget_type=\"heading.default\">\n\t\t\t\t\t<h2 class=\"elementor-heading-title elementor-size-default\">CEO e Diretor T\u00e9cnico<\/h2>\t\t\t\t<\/div>\n\t\t\t\t<\/div>\n\t\t\t\t<\/div>\n\t\t<div class=\"elementor-element elementor-element-3ae11662 e-con-full e-flex e-con e-child\" data-id=\"3ae11662\" data-element_type=\"container\">\n\t\t<div class=\"elementor-element elementor-element-461d1fe e-con-full e-flex e-con e-child\" data-id=\"461d1fe\" data-element_type=\"container\" data-settings=\"{&quot;background_background&quot;:&quot;classic&quot;}\">\n\t\t\t\t<\/div>\n\t\t<div class=\"elementor-element elementor-element-7b7b21d6 e-con-full e-flex e-con e-child\" data-id=\"7b7b21d6\" data-element_type=\"container\">\n\t\t\t\t<div class=\"elementor-element elementor-element-6ff92c1e elementor-widget elementor-widget-heading\" data-id=\"6ff92c1e\" data-element_type=\"widget\" data-widget_type=\"heading.default\">\n\t\t\t\t\t<h2 class=\"elementor-heading-title elementor-size-default\">Italan<\/h2>\t\t\t\t<\/div>\n\t\t\t\t<div class=\"elementor-element elementor-element-789e8bcf elementor-widget elementor-widget-heading\" data-id=\"789e8bcf\" data-element_type=\"widget\" data-widget_type=\"heading.default\">\n\t\t\t\t\t<h2 class=\"elementor-heading-title elementor-size-default\">COO e Diretor\u00a0Comercial<\/h2>\t\t\t\t<\/div>\n\t\t\t\t<\/div>\n\t\t\t\t<\/div>\n\t\t\t\t<\/div>\n\t\t<div class=\"elementor-element elementor-element-2134633b e-con-full e-flex e-con e-child\" data-id=\"2134633b\" data-element_type=\"container\">\n\t\t<div class=\"elementor-element elementor-element-573b0be8 e-con-full e-flex e-con e-child\" data-id=\"573b0be8\" data-element_type=\"container\">\n\t\t<div class=\"elementor-element elementor-element-68f6d9e8 e-con-full e-flex e-con e-child\" data-id=\"68f6d9e8\" data-element_type=\"container\" data-settings=\"{&quot;background_background&quot;:&quot;classic&quot;}\">\n\t\t\t\t<\/div>\n\t\t<div class=\"elementor-element elementor-element-1564b66a e-con-full e-flex e-con e-child\" data-id=\"1564b66a\" data-element_type=\"container\">\n\t\t\t\t<div class=\"elementor-element elementor-element-677ad65 elementor-widget elementor-widget-heading\" data-id=\"677ad65\" data-element_type=\"widget\" data-widget_type=\"heading.default\">\n\t\t\t\t\t<h2 class=\"elementor-heading-title elementor-size-default\">Erick<\/h2>\t\t\t\t<\/div>\n\t\t\t\t<div class=\"elementor-element elementor-element-5929bed8 elementor-widget elementor-widget-heading\" data-id=\"5929bed8\" data-element_type=\"widget\" data-widget_type=\"heading.default\">\n\t\t\t\t\t<h2 class=\"elementor-heading-title elementor-size-default\">Suporte N1<\/h2>\t\t\t\t<\/div>\n\t\t\t\t<\/div>\n\t\t\t\t<\/div>\n\t\t<div class=\"elementor-element elementor-element-13cdc9bf e-con-full e-flex e-con e-child\" data-id=\"13cdc9bf\" data-element_type=\"container\">\n\t\t<div class=\"elementor-element elementor-element-11b04010 e-con-full e-flex e-con e-child\" data-id=\"11b04010\" data-element_type=\"container\" data-settings=\"{&quot;background_background&quot;:&quot;classic&quot;}\">\n\t\t\t\t<\/div>\n\t\t<div class=\"elementor-element elementor-element-4926080 e-con-full e-flex e-con e-child\" data-id=\"4926080\" data-element_type=\"container\">\n\t\t\t\t<div class=\"elementor-element elementor-element-7ccfac99 elementor-widget elementor-widget-heading\" data-id=\"7ccfac99\" data-element_type=\"widget\" data-widget_type=\"heading.default\">\n\t\t\t\t\t<h2 class=\"elementor-heading-title elementor-size-default\">Rian Hofstatter<\/h2>\t\t\t\t<\/div>\n\t\t\t\t<div class=\"elementor-element elementor-element-74ec0127 elementor-widget elementor-widget-heading\" data-id=\"74ec0127\" data-element_type=\"widget\" data-widget_type=\"heading.default\">\n\t\t\t\t\t<h2 class=\"elementor-heading-title elementor-size-default\">Desenvolvimento<\/h2>\t\t\t\t<\/div>\n\t\t\t\t<\/div>\n\t\t\t\t<\/div>\n\t\t\t\t<\/div>\n\t\t\t\t<\/div>\n\t\t<div class=\"elementor-element elementor-element-23ea25 e-con-full animated-slow e-flex elementor-invisible e-con e-child\" data-id=\"23ea25\" data-element_type=\"container\" data-settings=\"{&quot;animation&quot;:&quot;fadeInUp&quot;}\">\n\t\t<div class=\"elementor-element elementor-element-482cce1f e-con-full e-flex e-con e-child\" data-id=\"482cce1f\" data-element_type=\"container\">\n\t\t<div class=\"elementor-element elementor-element-37bb0bd1 e-con-full e-flex e-con e-child\" data-id=\"37bb0bd1\" data-element_type=\"container\">\n\t\t<div class=\"elementor-element elementor-element-d4c7199 e-con-full e-flex e-con e-child\" data-id=\"d4c7199\" data-element_type=\"container\" data-settings=\"{&quot;background_background&quot;:&quot;classic&quot;}\">\n\t\t\t\t<\/div>\n\t\t<div class=\"elementor-element elementor-element-97e1fe7 e-con-full e-flex e-con e-child\" data-id=\"97e1fe7\" data-element_type=\"container\">\n\t\t\t\t<div class=\"elementor-element elementor-element-f39ae24 elementor-widget elementor-widget-heading\" data-id=\"f39ae24\" data-element_type=\"widget\" data-widget_type=\"heading.default\">\n\t\t\t\t\t<h2 class=\"elementor-heading-title elementor-size-default\">Vitor<\/h2>\t\t\t\t<\/div>\n\t\t\t\t<div class=\"elementor-element elementor-element-2462cc8 elementor-widget elementor-widget-heading\" data-id=\"2462cc8\" data-element_type=\"widget\" data-widget_type=\"heading.default\">\n\t\t\t\t\t<h2 class=\"elementor-heading-title elementor-size-default\">sUPORTE N1<\/h2>\t\t\t\t<\/div>\n\t\t\t\t<\/div>\n\t\t\t\t<\/div>\n\t\t\t\t<\/div>\n\t\t<div class=\"elementor-element elementor-element-2da83df5 e-con-full e-flex e-con e-child\" data-id=\"2da83df5\" data-element_type=\"container\">\n\t\t<div class=\"elementor-element elementor-element-140c4539 e-con-full e-flex e-con e-child\" data-id=\"140c4539\" data-element_type=\"container\">\n\t\t<div class=\"elementor-element elementor-element-09cadd6 e-con-full e-flex e-con e-child\" data-id=\"09cadd6\" data-element_type=\"container\" data-settings=\"{&quot;background_background&quot;:&quot;classic&quot;}\">\n\t\t\t\t<\/div>\n\t\t<div class=\"elementor-element elementor-element-38658a1 e-con-full e-flex e-con e-child\" data-id=\"38658a1\" data-element_type=\"container\">\n\t\t\t\t<div class=\"elementor-element elementor-element-1b03243 elementor-widget elementor-widget-heading\" data-id=\"1b03243\" data-element_type=\"widget\" data-widget_type=\"heading.default\">\n\t\t\t\t\t<h2 class=\"elementor-heading-title elementor-size-default\">Rian <\/h2>\t\t\t\t<\/div>\n\t\t\t\t<div class=\"elementor-element elementor-element-776124a elementor-widget elementor-widget-heading\" data-id=\"776124a\" data-element_type=\"widget\" data-widget_type=\"heading.default\">\n\t\t\t\t\t<h2 class=\"elementor-heading-title elementor-size-default\">Suporte N1<\/h2>\t\t\t\t<\/div>\n\t\t\t\t<\/div>\n\t\t\t\t<\/div>\n\t\t<div class=\"elementor-element elementor-element-5aa823fb e-con-full e-flex e-con e-child\" data-id=\"5aa823fb\" data-element_type=\"container\">\n\t\t<div class=\"elementor-element elementor-element-9d002ea e-con-full e-flex e-con e-child\" data-id=\"9d002ea\" data-element_type=\"container\" data-settings=\"{&quot;background_background&quot;:&quot;classic&quot;}\">\n\t\t\t\t<\/div>\n\t\t<div class=\"elementor-element elementor-element-3437d6a e-con-full e-flex e-con e-child\" data-id=\"3437d6a\" data-element_type=\"container\">\n\t\t\t\t<div class=\"elementor-element elementor-element-d04529e elementor-widget elementor-widget-heading\" data-id=\"d04529e\" data-element_type=\"widget\" data-widget_type=\"heading.default\">\n\t\t\t\t\t<h2 class=\"elementor-heading-title elementor-size-default\">Leonardo<\/h2>\t\t\t\t<\/div>\n\t\t\t\t<div class=\"elementor-element elementor-element-cf90d45 elementor-widget elementor-widget-heading\" data-id=\"cf90d45\" data-element_type=\"widget\" data-widget_type=\"heading.default\">\n\t\t\t\t\t<h2 class=\"elementor-heading-title elementor-size-default\">Gerente de opera\u00e7\u00f5es<\/h2>\t\t\t\t<\/div>\n\t\t\t\t<\/div>\n\t\t\t\t<\/div>\n\t\t\t\t<\/div>\n\t\t\t\t<\/div>\n\t\t\t\t\t<\/div>\n\t\t\t\t<\/div>\n\t\t\t\t<\/div>\n\t\t","protected":false},"excerpt":{"rendered":"<p>Quem Somos Quem somos Uma trajet\u00f3ria constru\u00edda com tecnologia, proximidade e compromisso com o sucesso do varejo. Desde 2000, a VSINFO Sistemas desenvolve solu\u00e7\u00f5es inteligentes e acess\u00edveis para a gest\u00e3o do varejo brasileiro. Com sede pr\u00f3pria em Pelotas (RS), somos uma empresa consolidada, com mais de duas d\u00e9cadas de atua\u00e7\u00e3o no mercado e um portf\u00f3lio [&hellip;]<\/p>\n","protected":false},"author":1,"featured_media":0,"parent":0,"menu_order":0,"comment_status":"closed","ping_status":"closed","template":"","meta":{"footnotes":""},"class_list":["post-16","page","type-page","status-publish","hentry"],"_links":{"self":[{"href":"https:\/\/vsinfo.com.br\/index.php\/wp-json\/wp\/v2\/pages\/16","targetHints":{"allow":["GET"]}}],"collection":[{"href":"https:\/\/vsinfo.com.br\/index.php\/wp-json\/wp\/v2\/pages"}],"about":[{"href":"https:\/\/vsinfo.com.br\/index.php\/wp-json\/wp\/v2\/types\/page"}],"author":[{"embeddable":true,"href":"https:\/\/vsinfo.com.br\/index.php\/wp-json\/wp\/v2\/users\/1"}],"replies":[{"embeddable":true,"href":"https:\/\/vsinfo.com.br\/index.php\/wp-json\/wp\/v2\/comments?post=16"}],"version-history":[{"count":70,"href":"https:\/\/vsinfo.com.br\/index.php\/wp-json\/wp\/v2\/pages\/16\/revisions"}],"predecessor-version":[{"id":1006,"href":"https:\/\/vsinfo.com.br\/index.php\/wp-json\/wp\/v2\/pages\/16\/revisions\/1006"}],"wp:attachment":[{"href":"https:\/\/vsinfo.com.br\/index.php\/wp-json\/wp\/v2\/media?parent=16"}],"curies":[{"name":"wp","href":"https:\/\/api.w.org\/{rel}","templated":true}]}}